{"id":41,"date":"2012-03-31T16:11:32","date_gmt":"2012-03-31T15:11:32","guid":{"rendered":"http:\/\/www.nvothmarsingen.tk\/?page_id=41"},"modified":"2026-04-07T12:54:55","modified_gmt":"2026-04-07T11:54:55","slug":"gruezi-und-willkommen","status":"publish","type":"page","link":"https:\/\/www.nvothmarsingen.ch\/","title":{"rendered":"Gr\u00fcezi und Willkommen!"},"content":{"rendered":"<p>Unser Verein verfolgt den Zweck, den Natur- und Vogelschutz in der Gemeinde Othmarsingen zu pflegen und zu f\u00f6rdern.<br \/>\nWir setzen uns ein, f\u00fcr die Erhaltung einer vielf\u00e4ltigen Tier und Pflanzenwelt und dem Schutz und der Pflege von Lebensr\u00e4umen.<br \/>\nUnsere Vortr\u00e4ge und ornithologischen Exkursionen stehen jedermann zu Verf\u00fcgung.<\/p>\n<p>Es w\u00fcrde uns freuen, auch Sie an einem unserer Anl\u00e4sse zu begr\u00fcssen!<\/p>\n<p>Vielen Dank f\u00fcr Ihre Unterst\u00fctzung! Vereinskonto IBAN CH06 0900 0000 5001 5813 1<\/p>\n<hr \/>\n<p><span style=\"color: #ff0000;\"><strong>NEU &#8211; NEU &#8211; NEU<\/strong><\/span><\/p>\n<p>Liebe Mitglieder und Freunde des Vereins<\/p>\n<p><strong>****N\u00c4CHSTER ANLASS****<\/strong><\/p>\n<p><strong>Exkursion in die Maschwander Allmend<\/strong><\/p>\n<p>Gemeinsamer Spaziergang in den f\u00fcr das Mittelland einzigartigen Riedfl\u00e4chen und Flachmooren in der Maschwander Allmend. Das Gebiet verspricht spannende Beobachtungen!<\/p>\n<p><strong>Sonntag, 03. Mai 2026<\/strong> &#8211; Treffpunkt: 08:00 Schulhaus Othmarsingen<\/p>\n<p><strong>*******************************<\/strong><\/p>\n","protected":false},"excerpt":{"rendered":"<p>Unser Verein verfolgt den Zweck, den Natur- und Vogelschutz in der Gemeinde Othmarsingen zu pflegen und zu f\u00f6rdern. Wir setzen uns ein, f\u00fcr die Erhaltung einer vielf\u00e4ltigen Tier und Pflanzenwelt und dem Schutz und der Pflege von Lebensr\u00e4umen. Unsere Vortr\u00e4ge und ornithologischen Exkursionen stehen jedermann zu Verf\u00fcgung. Es w\u00fcrde uns freuen, auch Sie an einem [&hellip;]<\/p>\n","protected":false},"author":1,"featured_media":0,"parent":0,"menu_order":0,"comment_status":"open","ping_status":"open","template":"","meta":{"footnotes":""},"_links":{"self":[{"href":"https:\/\/www.nvothmarsingen.ch\/index.php?rest_route=\/wp\/v2\/pages\/41"}],"collection":[{"href":"https:\/\/www.nvothmarsingen.ch\/index.php?rest_route=\/wp\/v2\/pages"}],"about":[{"href":"https:\/\/www.nvothmarsingen.ch\/index.php?rest_route=\/wp\/v2\/types\/page"}],"author":[{"embeddable":true,"href":"https:\/\/www.nvothmarsingen.ch\/index.php?rest_route=\/wp\/v2\/users\/1"}],"replies":[{"embeddable":true,"href":"https:\/\/www.nvothmarsingen.ch\/index.php?rest_route=%2Fwp%2Fv2%2Fcomments&post=41"}],"version-history":[{"count":85,"href":"https:\/\/www.nvothmarsingen.ch\/index.php?rest_route=\/wp\/v2\/pages\/41\/revisions"}],"predecessor-version":[{"id":1868,"href":"https:\/\/www.nvothmarsingen.ch\/index.php?rest_route=\/wp\/v2\/pages\/41\/revisions\/1868"}],"wp:attachment":[{"href":"https:\/\/www.nvothmarsingen.ch\/index.php?rest_route=%2Fwp%2Fv2%2Fmedia&parent=41"}],"curies":[{"name":"wp","href":"https:\/\/api.w.org\/{rel}","templated":true}]}}