{"id":268,"date":"2018-02-12T19:24:55","date_gmt":"2018-02-12T18:24:55","guid":{"rendered":"http:\/\/www.nvothmarsingen.ch\/?page_id=268"},"modified":"2018-02-14T11:18:34","modified_gmt":"2018-02-14T10:18:34","slug":"jahresbericht","status":"publish","type":"page","link":"https:\/\/www.nvothmarsingen.ch\/?page_id=268","title":{"rendered":"Jahresbericht"},"content":{"rendered":"<p>Auf dieser Seite k\u00f6nnen s\u00e4mtliche ver\u00f6ffentlichen Protokolle und Dokumente heruntergeladen werden:<\/p>\n<p><a href=\"http:\/\/www.nvothmarsingen.ch\/wp-content\/uploads\/2018\/02\/protokoll-87-gv-nvo.pdf\" target=\"_blank\"><img decoding=\"async\" loading=\"lazy\" class=\"alignnone size-full wp-image-249\" src=\"http:\/\/www.nvothmarsingen.ch\/wp-content\/uploads\/2012\/03\/pdf_logo.png\" alt=\"\" width=\"25\" height=\"25\" srcset=\"https:\/\/www.nvothmarsingen.ch\/wp-content\/uploads\/2012\/03\/pdf_logo.png 300w, https:\/\/www.nvothmarsingen.ch\/wp-content\/uploads\/2012\/03\/pdf_logo-150x150.png 150w, https:\/\/www.nvothmarsingen.ch\/wp-content\/uploads\/2012\/03\/pdf_logo-50x50.png 50w\" sizes=\"(max-width: 25px) 100vw, 25px\" \/> Protokoll der 86. Generalversammlung<\/a><\/p>\n","protected":false},"excerpt":{"rendered":"<p>Auf dieser Seite k\u00f6nnen s\u00e4mtliche ver\u00f6ffentlichen Protokolle und Dokumente heruntergeladen werden: Protokoll der 86. Generalversammlung<\/p>\n","protected":false},"author":1,"featured_media":0,"parent":15,"menu_order":0,"comment_status":"closed","ping_status":"closed","template":"","meta":{"footnotes":""},"_links":{"self":[{"href":"https:\/\/www.nvothmarsingen.ch\/index.php?rest_route=\/wp\/v2\/pages\/268"}],"collection":[{"href":"https:\/\/www.nvothmarsingen.ch\/index.php?rest_route=\/wp\/v2\/pages"}],"about":[{"href":"https:\/\/www.nvothmarsingen.ch\/index.php?rest_route=\/wp\/v2\/types\/page"}],"author":[{"embeddable":true,"href":"https:\/\/www.nvothmarsingen.ch\/index.php?rest_route=\/wp\/v2\/users\/1"}],"replies":[{"embeddable":true,"href":"https:\/\/www.nvothmarsingen.ch\/index.php?rest_route=%2Fwp%2Fv2%2Fcomments&post=268"}],"version-history":[{"count":5,"href":"https:\/\/www.nvothmarsingen.ch\/index.php?rest_route=\/wp\/v2\/pages\/268\/revisions"}],"predecessor-version":[{"id":277,"href":"https:\/\/www.nvothmarsingen.ch\/index.php?rest_route=\/wp\/v2\/pages\/268\/revisions\/277"}],"up":[{"embeddable":true,"href":"https:\/\/www.nvothmarsingen.ch\/index.php?rest_route=\/wp\/v2\/pages\/15"}],"wp:attachment":[{"href":"https:\/\/www.nvothmarsingen.ch\/index.php?rest_route=%2Fwp%2Fv2%2Fmedia&parent=268"}],"curies":[{"name":"wp","href":"https:\/\/api.w.org\/{rel}","templated":true}]}}