{"id":259,"date":"2017-12-10T12:33:25","date_gmt":"2017-12-10T11:33:25","guid":{"rendered":"http:\/\/www.nvothmarsingen.ch\/?page_id=259"},"modified":"2018-06-02T16:03:40","modified_gmt":"2018-06-02T15:03:40","slug":"fotos-2018","status":"publish","type":"page","link":"https:\/\/www.nvothmarsingen.ch\/?page_id=259","title":{"rendered":"Fotos 2018"},"content":{"rendered":"<div class=\"flagallery amron_skin\" id=\"FlaGallery_sc1_27\" ><script type=\"application\/json\" class=\"FlaGallery_sc1_27\">{\"settings\":{\"collectionThumbColumns\":\"3\",\"collectionThumbRecomendedWidth\":\"260\",\"collectionPreloaderColor\":\"#333333\",\"linkTargetWindow\":\"_blank\",\"thumbSpacing\":\"10\",\"tagsFilter\":\"1\",\"tagCloudSort\":\"1\",\"tagCloudAll\":\"All\",\"tagCloudAllTagPresented\":\"1\",\"tagCloudStartIndex\":\"0\",\"tagCloudTextColor\":\"#000000\",\"tagCloudBgColor\":\"#eeeeee\",\"collectionThumbHoverColor\":\"rgba(0, 0, 0, .7)\",\"collectionThumbContentBGColor\":\"rgba(245,245,245,1)\",\"collectionThumbTitleShow\":\"1\",\"collectionThumbTitleColor\":\"rgba(0,0,0,1)\",\"collectionThumbFontSize\":\"18\",\"collectionThumbDescriptionShow\":\"1\",\"collectionThumbDescriptionColor\":\"rgba(0,0,0,1)\",\"collectionThumbDescriptionFontSize\":\"15\",\"collectionReadMoreButtonLabel\":\"Read More\",\"collectionReadMoreButtonLabelColor\":\"rgba(255, 255, 255, 1)\",\"collectionReadMoreButtonBGColor\":\"rgba(0, 0, 0, 1)\",\"collectionReadMoreButtonLabelColorHover\":\"rgba(0, 0, 0, 1)\",\"collectionReadMoreButtonBGColorHover\":\"rgba(235,235,235,1)\",\"modaBgColor\":\"rgba(0,0,0,0.9)\",\"modalInfoBoxBgColor\":\"rgba(255,255,255,1)\",\"modalInfoBoxTitleTextColor\":\"rgba(0,0,0,1)\",\"modalInfoBoxTextColor\":\"rgba(70,70,70,1)\",\"infoBarExifEnable\":\"1\",\"infoBarCountersEnable\":\"1\",\"infoBarDateInfoEnable\":\"1\",\"lightBoxEnable\":\"1\",\"copyR_Protection\":\"1\",\"copyR_Alert\":\"Hello, this photo is mine!\",\"sliderScrollNavi\":\"0\",\"sliderNextPrevAnimation\":\"animation\",\"sliderPreloaderColor\":\"#ffffff\",\"sliderBgColor\":\"rgba(0,0,0,0.8)\",\"sliderHeaderFooterBgColor\":\"#000000\",\"sliderNavigationColor\":\"rgba(0,0,0,1)\",\"sliderNavigationIconColor\":\"rgba(255,255,255,1)\",\"sliderNavigationColorOver\":\"rgba(255,255,255,1)\",\"sliderNavigationIconColorOver\":\"rgba(0,0,0,1)\",\"sliderItemTitleEnable\":\"1\",\"sliderItemTitleFontSize\":\"24\",\"sliderItemTitleTextColor\":\"#ffffff\",\"sliderThumbBarEnable\":\"1\",\"sliderThumbBarHoverColor\":\"#ffffff\",\"sliderThumbSubMenuBackgroundColor\":\"rgba(0,0,0,1)\",\"sliderThumbSubMenuBackgroundColorOver\":\"rgba(255,255,255,1)\",\"sliderThumbSubMenuIconColor\":\"rgba(255,255,255,1)\",\"sliderThumbSubMenuIconHoverColor\":\"rgba(0,0,0,1)\",\"sliderPlayButton\":\"1\",\"slideshowDelay\":\"8\",\"slideshowProgressBarColor\":\"rgba(255,255,255,1)\",\"slideshowProgressBarBGColor\":\"rgba(255,255,255,0.6)\",\"sliderInfoEnable\":\"1\",\"sliderZoomButton\":\"1\",\"sliderItemDownload\":\"1\",\"sliderSocialShareEnabled\":\"1\",\"sliderLikesEnabled\":\"1\",\"sliderFullScreen\":\"1\",\"customCSS\":\"\",\"key\":\"\",\"name\":\"\",\"galleryID\":\"sc1_27\",\"post_url\":\"https:\\\/\\\/www.nvothmarsingen.ch?rest_route=%2Fwp%2Fv2%2Fpages%2F259\",\"module_url\":\"https:\\\/\\\/www.nvothmarsingen.ch\\\/wp-content\\\/plugins\\\/flagallery-skins\\\/amron\\\/\"}, \"data\":[{\"gallery\":{\"gid\":\"27\",\"name\":\"mauerseglerschutz-kirche-othmarsingen\",\"path\":\"https:\\\/\\\/www.nvothmarsingen.ch\\\/wp-content\\\/flagallery\\\/mauerseglerschutz-kirche-othmarsingen\",\"title\":\"Mauerseglerschutz Kirche Othmarsingen\",\"galdesc\":\"\"},\"data\":[{\"pid\":\"299\",\"filename\":\"img_20180518_094959.jpg\",\"description\":\"\",\"alttext\":\"\",\"link\":null,\"imagedate\":\"2018-05-18 09:49:59\",\"hitcounter\":\"24\",\"total_value\":\"0\",\"total_votes\":\"0\",\"meta_data\":{\"aperture\":\"F 2.4\",\"credit\":false,\"camera\":\"Nexus 5\",\"caption\":false,\"created_timestamp\":\"18. Mai 2018 09:49\",\"copyright\":false,\"focal_length\":\"3.97mm\",\"iso\":100,\"shutter_speed\":\"1\\\/1890sec\",\"flash\":false,\"title\":false,\"keywords\":false,\"width\":2448,\"height\":3264,\"saved\":true,\"thumbnail\":{\"width\":400,\"height\":400},\"webview\":{\"0\":900,\"1\":1200,\"2\":2,\"3\":\"width=\\\"900\\\" height=\\\"1200\\\"\",\"bits\":8,\"channels\":3,\"mime\":\"image\\\/jpeg\"}}},{\"pid\":\"300\",\"filename\":\"img_20180518_095408.jpg\",\"description\":\"\",\"alttext\":\"\",\"link\":null,\"imagedate\":\"2018-05-18 09:54:08\",\"hitcounter\":\"14\",\"total_value\":\"0\",\"total_votes\":\"0\",\"meta_data\":{\"aperture\":\"F 2.4\",\"credit\":false,\"camera\":\"Nexus 5\",\"caption\":false,\"created_timestamp\":\"18. Mai 2018 09:54\",\"copyright\":false,\"focal_length\":\"3.97mm\",\"iso\":101,\"shutter_speed\":\"1\\\/1640sec\",\"flash\":false,\"title\":false,\"keywords\":false,\"width\":2448,\"height\":3264,\"saved\":true,\"thumbnail\":{\"width\":400,\"height\":400},\"webview\":{\"0\":900,\"1\":1200,\"2\":2,\"3\":\"width=\\\"900\\\" height=\\\"1200\\\"\",\"bits\":8,\"channels\":3,\"mime\":\"image\\\/jpeg\"}}}]}]}<\/script><\/div><noscript id=\"noscript_FlaGallery_sc1_27\"><img class=\"skip-lazy no-lazyload noLazy\" data-lazy-src=\"\" src =\"https:\/\/www.nvothmarsingen.ch\/wp-content\/flagallery\/mauerseglerschutz-kirche-othmarsingen\/img_20180518_094959.jpg\" alt=\"\" \/><img class=\"skip-lazy no-lazyload noLazy\" data-lazy-src=\"\" src =\"https:\/\/www.nvothmarsingen.ch\/wp-content\/flagallery\/mauerseglerschutz-kirche-othmarsingen\/img_20180518_095408.jpg\" alt=\"\" \/><\/noscript>\n<p>Die Nistpl\u00e4tze der Mauersegler wurden gesch\u00fctzt, damit die Kolonie vor dem Marder gesch\u00fctzt ist.<\/p>\n<p>In den letzten Jahren wurde die Kolonie immer wieder fast vollst\u00e4ndig ausgel\u00f6scht.<\/p>\n<p>Herzlichen Dank an die Fa. Bosshard f\u00fcr die Bereitstellung des Rollger\u00fcstes!<\/p>\n<p>&nbsp;<\/p>\n<div class=\"flagallery amron_skin\" id=\"FlaGallery_sc2_26\" ><script type=\"application\/json\" class=\"FlaGallery_sc2_26\">{\"settings\":{\"collectionThumbColumns\":\"3\",\"collectionThumbRecomendedWidth\":\"260\",\"collectionPreloaderColor\":\"#333333\",\"linkTargetWindow\":\"_blank\",\"thumbSpacing\":\"10\",\"tagsFilter\":\"1\",\"tagCloudSort\":\"1\",\"tagCloudAll\":\"All\",\"tagCloudAllTagPresented\":\"1\",\"tagCloudStartIndex\":\"0\",\"tagCloudTextColor\":\"#000000\",\"tagCloudBgColor\":\"#eeeeee\",\"collectionThumbHoverColor\":\"rgba(0, 0, 0, .7)\",\"collectionThumbContentBGColor\":\"rgba(245,245,245,1)\",\"collectionThumbTitleShow\":\"1\",\"collectionThumbTitleColor\":\"rgba(0,0,0,1)\",\"collectionThumbFontSize\":\"18\",\"collectionThumbDescriptionShow\":\"1\",\"collectionThumbDescriptionColor\":\"rgba(0,0,0,1)\",\"collectionThumbDescriptionFontSize\":\"15\",\"collectionReadMoreButtonLabel\":\"Read More\",\"collectionReadMoreButtonLabelColor\":\"rgba(255, 255, 255, 1)\",\"collectionReadMoreButtonBGColor\":\"rgba(0, 0, 0, 1)\",\"collectionReadMoreButtonLabelColorHover\":\"rgba(0, 0, 0, 1)\",\"collectionReadMoreButtonBGColorHover\":\"rgba(235,235,235,1)\",\"modaBgColor\":\"rgba(0,0,0,0.9)\",\"modalInfoBoxBgColor\":\"rgba(255,255,255,1)\",\"modalInfoBoxTitleTextColor\":\"rgba(0,0,0,1)\",\"modalInfoBoxTextColor\":\"rgba(70,70,70,1)\",\"infoBarExifEnable\":\"1\",\"infoBarCountersEnable\":\"1\",\"infoBarDateInfoEnable\":\"1\",\"lightBoxEnable\":\"1\",\"copyR_Protection\":\"1\",\"copyR_Alert\":\"Hello, this photo is mine!\",\"sliderScrollNavi\":\"0\",\"sliderNextPrevAnimation\":\"animation\",\"sliderPreloaderColor\":\"#ffffff\",\"sliderBgColor\":\"rgba(0,0,0,0.8)\",\"sliderHeaderFooterBgColor\":\"#000000\",\"sliderNavigationColor\":\"rgba(0,0,0,1)\",\"sliderNavigationIconColor\":\"rgba(255,255,255,1)\",\"sliderNavigationColorOver\":\"rgba(255,255,255,1)\",\"sliderNavigationIconColorOver\":\"rgba(0,0,0,1)\",\"sliderItemTitleEnable\":\"1\",\"sliderItemTitleFontSize\":\"24\",\"sliderItemTitleTextColor\":\"#ffffff\",\"sliderThumbBarEnable\":\"1\",\"sliderThumbBarHoverColor\":\"#ffffff\",\"sliderThumbSubMenuBackgroundColor\":\"rgba(0,0,0,1)\",\"sliderThumbSubMenuBackgroundColorOver\":\"rgba(255,255,255,1)\",\"sliderThumbSubMenuIconColor\":\"rgba(255,255,255,1)\",\"sliderThumbSubMenuIconHoverColor\":\"rgba(0,0,0,1)\",\"sliderPlayButton\":\"1\",\"slideshowDelay\":\"8\",\"slideshowProgressBarColor\":\"rgba(255,255,255,1)\",\"slideshowProgressBarBGColor\":\"rgba(255,255,255,0.6)\",\"sliderInfoEnable\":\"1\",\"sliderZoomButton\":\"1\",\"sliderItemDownload\":\"1\",\"sliderSocialShareEnabled\":\"1\",\"sliderLikesEnabled\":\"1\",\"sliderFullScreen\":\"1\",\"customCSS\":\"\",\"key\":\"\",\"name\":\"\",\"galleryID\":\"sc2_26\",\"post_url\":\"https:\\\/\\\/www.nvothmarsingen.ch?rest_route=%2Fwp%2Fv2%2Fpages%2F259\",\"module_url\":\"https:\\\/\\\/www.nvothmarsingen.ch\\\/wp-content\\\/plugins\\\/flagallery-skins\\\/amron\\\/\"}, \"data\":[{\"gallery\":{\"gid\":\"26\",\"name\":\"klingnauer-stausee-april-2018\",\"path\":\"https:\\\/\\\/www.nvothmarsingen.ch\\\/wp-content\\\/flagallery\\\/klingnauer-stausee-april-2018\",\"title\":\"Klingnauer Stausee April 2018\",\"galdesc\":\"\"},\"data\":[{\"pid\":\"292\",\"filename\":\"dsc00544.jpg\",\"description\":\"\",\"alttext\":\"\",\"link\":null,\"imagedate\":\"2018-04-08 11:26:02\",\"hitcounter\":\"25\",\"total_value\":\"0\",\"total_votes\":\"0\",\"meta_data\":{\"aperture\":\"F 3.3\",\"credit\":false,\"camera\":\"DSC-WX80\",\"caption\":false,\"created_timestamp\":\"8. April 2018 11:26\",\"copyright\":false,\"focal_length\":\"4.5mm\",\"iso\":100,\"shutter_speed\":\"1\\\/800sec\",\"flash\":\"Not fired\",\"title\":\" \",\"keywords\":false,\"width\":4608,\"height\":3456,\"saved\":true,\"thumbnail\":{\"width\":400,\"height\":400},\"webview\":{\"0\":1200,\"1\":900,\"2\":2,\"3\":\"width=\\\"1200\\\" height=\\\"900\\\"\",\"bits\":8,\"channels\":3,\"mime\":\"image\\\/jpeg\"}}},{\"pid\":\"293\",\"filename\":\"dsc00548.jpg\",\"description\":\"\",\"alttext\":\"\",\"link\":null,\"imagedate\":\"2018-04-08 11:26:29\",\"hitcounter\":\"17\",\"total_value\":\"0\",\"total_votes\":\"0\",\"meta_data\":{\"aperture\":\"F 3.3\",\"credit\":false,\"camera\":\"DSC-WX80\",\"caption\":false,\"created_timestamp\":\"8. April 2018 11:26\",\"copyright\":false,\"focal_length\":\"4.5mm\",\"iso\":100,\"shutter_speed\":\"1\\\/1250sec\",\"flash\":\"Not fired\",\"title\":\" \",\"keywords\":false,\"width\":4608,\"height\":3456,\"saved\":true,\"thumbnail\":{\"width\":400,\"height\":400},\"webview\":{\"0\":1200,\"1\":900,\"2\":2,\"3\":\"width=\\\"1200\\\" height=\\\"900\\\"\",\"bits\":8,\"channels\":3,\"mime\":\"image\\\/jpeg\"}}},{\"pid\":\"294\",\"filename\":\"img_1835.jpg\",\"description\":\"\",\"alttext\":\"\",\"link\":null,\"imagedate\":\"2018-04-08 08:30:35\",\"hitcounter\":\"17\",\"total_value\":\"0\",\"total_votes\":\"0\",\"meta_data\":{\"aperture\":\"F 7.1\",\"credit\":false,\"camera\":\"Canon EOS 1100D\",\"caption\":false,\"created_timestamp\":\"8. April 2018 08:30\",\"copyright\":false,\"focal_length\":\"250mm\",\"iso\":250,\"shutter_speed\":\"1\\\/400sec\",\"flash\":\"Not fired\",\"title\":false,\"keywords\":false,\"width\":4272,\"height\":2848,\"saved\":true,\"thumbnail\":{\"width\":400,\"height\":400},\"webview\":{\"0\":1200,\"1\":800,\"2\":2,\"3\":\"width=\\\"1200\\\" height=\\\"800\\\"\",\"bits\":8,\"channels\":3,\"mime\":\"image\\\/jpeg\"}}},{\"pid\":\"295\",\"filename\":\"img_1842.jpg\",\"description\":\"\",\"alttext\":\"\",\"link\":null,\"imagedate\":\"2018-04-08 08:42:46\",\"hitcounter\":\"16\",\"total_value\":\"0\",\"total_votes\":\"0\",\"meta_data\":{\"aperture\":\"F 7.1\",\"credit\":false,\"camera\":\"Canon EOS 1100D\",\"caption\":false,\"created_timestamp\":\"8. April 2018 08:42\",\"copyright\":false,\"focal_length\":\"250mm\",\"iso\":400,\"shutter_speed\":\"1\\\/400sec\",\"flash\":\"Not fired\",\"title\":false,\"keywords\":false,\"width\":4272,\"height\":2848,\"saved\":true,\"thumbnail\":{\"width\":400,\"height\":400},\"webview\":{\"0\":1200,\"1\":800,\"2\":2,\"3\":\"width=\\\"1200\\\" height=\\\"800\\\"\",\"bits\":8,\"channels\":3,\"mime\":\"image\\\/jpeg\"}}},{\"pid\":\"296\",\"filename\":\"img_1846.jpg\",\"description\":\"\",\"alttext\":\"\",\"link\":null,\"imagedate\":\"2018-04-08 08:43:39\",\"hitcounter\":\"16\",\"total_value\":\"0\",\"total_votes\":\"0\",\"meta_data\":{\"aperture\":\"F 7.1\",\"credit\":false,\"camera\":\"Canon EOS 1100D\",\"caption\":false,\"created_timestamp\":\"8. April 2018 08:43\",\"copyright\":false,\"focal_length\":\"250mm\",\"iso\":100,\"shutter_speed\":\"1\\\/400sec\",\"flash\":\"Not fired\",\"title\":false,\"keywords\":false,\"width\":4272,\"height\":2848,\"saved\":true,\"thumbnail\":{\"width\":400,\"height\":400},\"webview\":{\"0\":1200,\"1\":800,\"2\":2,\"3\":\"width=\\\"1200\\\" height=\\\"800\\\"\",\"bits\":8,\"channels\":3,\"mime\":\"image\\\/jpeg\"}}},{\"pid\":\"297\",\"filename\":\"img_1853.jpg\",\"description\":\"\",\"alttext\":\"\",\"link\":null,\"imagedate\":\"2018-04-08 09:09:44\",\"hitcounter\":\"16\",\"total_value\":\"0\",\"total_votes\":\"0\",\"meta_data\":{\"aperture\":\"F 7.1\",\"credit\":false,\"camera\":\"Canon EOS 1100D\",\"caption\":false,\"created_timestamp\":\"8. April 2018 09:09\",\"copyright\":false,\"focal_length\":\"250mm\",\"iso\":100,\"shutter_speed\":\"1\\\/500sec\",\"flash\":\"Not fired\",\"title\":false,\"keywords\":false,\"width\":4272,\"height\":2848,\"saved\":true,\"thumbnail\":{\"width\":400,\"height\":400},\"webview\":{\"0\":1200,\"1\":800,\"2\":2,\"3\":\"width=\\\"1200\\\" height=\\\"800\\\"\",\"bits\":8,\"channels\":3,\"mime\":\"image\\\/jpeg\"}}},{\"pid\":\"298\",\"filename\":\"dsc00535.jpg\",\"description\":\"\",\"alttext\":\"\",\"link\":null,\"imagedate\":\"2018-04-08 09:39:05\",\"hitcounter\":\"19\",\"total_value\":\"0\",\"total_votes\":\"0\",\"meta_data\":{\"aperture\":\"F 3.3\",\"credit\":false,\"camera\":\"DSC-WX80\",\"caption\":false,\"created_timestamp\":\"8. April 2018 09:39\",\"copyright\":false,\"focal_length\":\"4.5mm\",\"iso\":100,\"shutter_speed\":\"1\\\/640sec\",\"flash\":\"Not fired\",\"title\":\" \",\"keywords\":false,\"width\":4608,\"height\":3456,\"saved\":true,\"thumbnail\":{\"width\":400,\"height\":400},\"webview\":{\"0\":1200,\"1\":900,\"2\":2,\"3\":\"width=\\\"1200\\\" height=\\\"900\\\"\",\"bits\":8,\"channels\":3,\"mime\":\"image\\\/jpeg\"}}}]}]}<\/script><\/div><noscript id=\"noscript_FlaGallery_sc2_26\"><img class=\"skip-lazy no-lazyload noLazy\" data-lazy-src=\"\" src =\"https:\/\/www.nvothmarsingen.ch\/wp-content\/flagallery\/klingnauer-stausee-april-2018\/dsc00544.jpg\" alt=\"\" \/><img class=\"skip-lazy no-lazyload noLazy\" data-lazy-src=\"\" src =\"https:\/\/www.nvothmarsingen.ch\/wp-content\/flagallery\/klingnauer-stausee-april-2018\/dsc00548.jpg\" alt=\"\" \/><img class=\"skip-lazy no-lazyload noLazy\" data-lazy-src=\"\" src =\"https:\/\/www.nvothmarsingen.ch\/wp-content\/flagallery\/klingnauer-stausee-april-2018\/img_1835.jpg\" alt=\"\" \/><img class=\"skip-lazy no-lazyload noLazy\" data-lazy-src=\"\" src =\"https:\/\/www.nvothmarsingen.ch\/wp-content\/flagallery\/klingnauer-stausee-april-2018\/img_1842.jpg\" alt=\"\" \/><img class=\"skip-lazy no-lazyload noLazy\" data-lazy-src=\"\" src =\"https:\/\/www.nvothmarsingen.ch\/wp-content\/flagallery\/klingnauer-stausee-april-2018\/img_1846.jpg\" alt=\"\" \/><img class=\"skip-lazy no-lazyload noLazy\" data-lazy-src=\"\" src =\"https:\/\/www.nvothmarsingen.ch\/wp-content\/flagallery\/klingnauer-stausee-april-2018\/img_1853.jpg\" alt=\"\" \/><img class=\"skip-lazy no-lazyload noLazy\" data-lazy-src=\"\" src =\"https:\/\/www.nvothmarsingen.ch\/wp-content\/flagallery\/klingnauer-stausee-april-2018\/dsc00535.jpg\" alt=\"\" \/><\/noscript>\n<p>Fr\u00fchlingsexkursion an den Klingnauer Stausee<\/p>\n<p>&nbsp;<\/p>\n","protected":false},"excerpt":{"rendered":"<p>Die Nistpl\u00e4tze der Mauersegler wurden gesch\u00fctzt, damit die Kolonie vor dem Marder gesch\u00fctzt ist. In den letzten Jahren wurde die Kolonie immer wieder fast vollst\u00e4ndig ausgel\u00f6scht. Herzlichen Dank an die Fa. Bosshard f\u00fcr die Bereitstellung des Rollger\u00fcstes! &nbsp; Fr\u00fchlingsexkursion an den Klingnauer Stausee &nbsp;<\/p>\n","protected":false},"author":2,"featured_media":0,"parent":198,"menu_order":0,"comment_status":"closed","ping_status":"closed","template":"","meta":{"footnotes":""},"_links":{"self":[{"href":"https:\/\/www.nvothmarsingen.ch\/index.php?rest_route=\/wp\/v2\/pages\/259"}],"collection":[{"href":"https:\/\/www.nvothmarsingen.ch\/index.php?rest_route=\/wp\/v2\/pages"}],"about":[{"href":"https:\/\/www.nvothmarsingen.ch\/index.php?rest_route=\/wp\/v2\/types\/page"}],"author":[{"embeddable":true,"href":"https:\/\/www.nvothmarsingen.ch\/index.php?rest_route=\/wp\/v2\/users\/2"}],"replies":[{"embeddable":true,"href":"https:\/\/www.nvothmarsingen.ch\/index.php?rest_route=%2Fwp%2Fv2%2Fcomments&post=259"}],"version-history":[{"count":6,"href":"https:\/\/www.nvothmarsingen.ch\/index.php?rest_route=\/wp\/v2\/pages\/259\/revisions"}],"predecessor-version":[{"id":288,"href":"https:\/\/www.nvothmarsingen.ch\/index.php?rest_route=\/wp\/v2\/pages\/259\/revisions\/288"}],"up":[{"embeddable":true,"href":"https:\/\/www.nvothmarsingen.ch\/index.php?rest_route=\/wp\/v2\/pages\/198"}],"wp:attachment":[{"href":"https:\/\/www.nvothmarsingen.ch\/index.php?rest_route=%2Fwp%2Fv2%2Fmedia&parent=259"}],"curies":[{"name":"wp","href":"https:\/\/api.w.org\/{rel}","templated":true}]}}