{"id":17,"date":"2012-03-04T12:57:18","date_gmt":"2012-03-04T11:57:18","guid":{"rendered":"http:\/\/www.nvothmarsingen.tk\/?page_id=17"},"modified":"2015-11-08T10:58:21","modified_gmt":"2015-11-08T09:58:21","slug":"fotos","status":"publish","type":"page","link":"https:\/\/www.nvothmarsingen.ch\/?page_id=17","title":{"rendered":"Fotos 2014"},"content":{"rendered":"<h3>Abschlusshock der aktiven Natursch\u00fctzer im Waldhaus 09.11.2014<\/h3>\n<p>Gem\u00fctlicher Jahresabschluss des Natur- und Vogelschutzvereines in der Waldh\u00fctte.<\/p>\n<div class=\"flagallery amron_skin\" id=\"FlaGallery_sc1_16\" ><script type=\"application\/json\" class=\"FlaGallery_sc1_16\">{\"settings\":{\"collectionThumbColumns\":\"3\",\"collectionThumbRecomendedWidth\":\"260\",\"collectionPreloaderColor\":\"#333333\",\"linkTargetWindow\":\"_blank\",\"thumbSpacing\":\"10\",\"tagsFilter\":\"1\",\"tagCloudSort\":\"1\",\"tagCloudAll\":\"All\",\"tagCloudAllTagPresented\":\"1\",\"tagCloudStartIndex\":\"0\",\"tagCloudTextColor\":\"#000000\",\"tagCloudBgColor\":\"#eeeeee\",\"collectionThumbHoverColor\":\"rgba(0, 0, 0, .7)\",\"collectionThumbContentBGColor\":\"rgba(245,245,245,1)\",\"collectionThumbTitleShow\":\"1\",\"collectionThumbTitleColor\":\"rgba(0,0,0,1)\",\"collectionThumbFontSize\":\"18\",\"collectionThumbDescriptionShow\":\"1\",\"collectionThumbDescriptionColor\":\"rgba(0,0,0,1)\",\"collectionThumbDescriptionFontSize\":\"15\",\"collectionReadMoreButtonLabel\":\"Read More\",\"collectionReadMoreButtonLabelColor\":\"rgba(255, 255, 255, 1)\",\"collectionReadMoreButtonBGColor\":\"rgba(0, 0, 0, 1)\",\"collectionReadMoreButtonLabelColorHover\":\"rgba(0, 0, 0, 1)\",\"collectionReadMoreButtonBGColorHover\":\"rgba(235,235,235,1)\",\"modaBgColor\":\"rgba(0,0,0,0.9)\",\"modalInfoBoxBgColor\":\"rgba(255,255,255,1)\",\"modalInfoBoxTitleTextColor\":\"rgba(0,0,0,1)\",\"modalInfoBoxTextColor\":\"rgba(70,70,70,1)\",\"infoBarExifEnable\":\"1\",\"infoBarCountersEnable\":\"1\",\"infoBarDateInfoEnable\":\"1\",\"lightBoxEnable\":\"1\",\"copyR_Protection\":\"1\",\"copyR_Alert\":\"Hello, this photo is mine!\",\"sliderScrollNavi\":\"0\",\"sliderNextPrevAnimation\":\"animation\",\"sliderPreloaderColor\":\"#ffffff\",\"sliderBgColor\":\"rgba(0,0,0,0.8)\",\"sliderHeaderFooterBgColor\":\"#000000\",\"sliderNavigationColor\":\"rgba(0,0,0,1)\",\"sliderNavigationIconColor\":\"rgba(255,255,255,1)\",\"sliderNavigationColorOver\":\"rgba(255,255,255,1)\",\"sliderNavigationIconColorOver\":\"rgba(0,0,0,1)\",\"sliderItemTitleEnable\":\"1\",\"sliderItemTitleFontSize\":\"24\",\"sliderItemTitleTextColor\":\"#ffffff\",\"sliderThumbBarEnable\":\"1\",\"sliderThumbBarHoverColor\":\"#ffffff\",\"sliderThumbSubMenuBackgroundColor\":\"rgba(0,0,0,1)\",\"sliderThumbSubMenuBackgroundColorOver\":\"rgba(255,255,255,1)\",\"sliderThumbSubMenuIconColor\":\"rgba(255,255,255,1)\",\"sliderThumbSubMenuIconHoverColor\":\"rgba(0,0,0,1)\",\"sliderPlayButton\":\"1\",\"slideshowDelay\":\"8\",\"slideshowProgressBarColor\":\"rgba(255,255,255,1)\",\"slideshowProgressBarBGColor\":\"rgba(255,255,255,0.6)\",\"sliderInfoEnable\":\"1\",\"sliderZoomButton\":\"1\",\"sliderItemDownload\":\"1\",\"sliderSocialShareEnabled\":\"1\",\"sliderLikesEnabled\":\"1\",\"sliderFullScreen\":\"1\",\"customCSS\":\"\",\"key\":\"\",\"name\":\"\",\"galleryID\":\"sc1_16\",\"post_url\":\"https:\\\/\\\/www.nvothmarsingen.ch?rest_route=%2Fwp%2Fv2%2Fpages%2F17\",\"module_url\":\"https:\\\/\\\/www.nvothmarsingen.ch\\\/wp-content\\\/plugins\\\/flagallery-skins\\\/amron\\\/\"}, \"data\":[{\"gallery\":{\"gid\":\"16\",\"name\":\"abschlusshock-2014\",\"path\":\"https:\\\/\\\/www.nvothmarsingen.ch\\\/wp-content\\\/flagallery\\\/abschlusshock-2014\",\"title\":\"Abschlusshock 2014 09.11.2014\",\"galdesc\":\"Abschlusshock der aktiven Vogelsch\\u00fctzer im Waldhaus Othmarsingen.\"},\"data\":[]}]}<\/script><\/div><noscript id=\"noscript_FlaGallery_sc1_16\"><\/noscript>\n<h3><\/h3>\n<h3><strong>Exkursion in das Naturschutzzentrum Neeracherried 06. Juni 2014<\/strong><\/h3>\n<p>Erneut besuchten wir das Naturschutzzentrum Neeracherried und damit einen wichtigen Brutplatz der Lachm\u00f6we.<\/p>\n<p>Ein H\u00f6hepunkt war nat\u00fcrlich das abschliessende &#8222;Fliegen&#8220; im Flugsimulator des Naturschutzzentrums!<\/p>\n<div class=\"flagallery amron_skin\" id=\"FlaGallery_sc2_15\" ><script type=\"application\/json\" class=\"FlaGallery_sc2_15\">{\"settings\":{\"collectionThumbColumns\":\"3\",\"collectionThumbRecomendedWidth\":\"260\",\"collectionPreloaderColor\":\"#333333\",\"linkTargetWindow\":\"_blank\",\"thumbSpacing\":\"10\",\"tagsFilter\":\"1\",\"tagCloudSort\":\"1\",\"tagCloudAll\":\"All\",\"tagCloudAllTagPresented\":\"1\",\"tagCloudStartIndex\":\"0\",\"tagCloudTextColor\":\"#000000\",\"tagCloudBgColor\":\"#eeeeee\",\"collectionThumbHoverColor\":\"rgba(0, 0, 0, .7)\",\"collectionThumbContentBGColor\":\"rgba(245,245,245,1)\",\"collectionThumbTitleShow\":\"1\",\"collectionThumbTitleColor\":\"rgba(0,0,0,1)\",\"collectionThumbFontSize\":\"18\",\"collectionThumbDescriptionShow\":\"1\",\"collectionThumbDescriptionColor\":\"rgba(0,0,0,1)\",\"collectionThumbDescriptionFontSize\":\"15\",\"collectionReadMoreButtonLabel\":\"Read More\",\"collectionReadMoreButtonLabelColor\":\"rgba(255, 255, 255, 1)\",\"collectionReadMoreButtonBGColor\":\"rgba(0, 0, 0, 1)\",\"collectionReadMoreButtonLabelColorHover\":\"rgba(0, 0, 0, 1)\",\"collectionReadMoreButtonBGColorHover\":\"rgba(235,235,235,1)\",\"modaBgColor\":\"rgba(0,0,0,0.9)\",\"modalInfoBoxBgColor\":\"rgba(255,255,255,1)\",\"modalInfoBoxTitleTextColor\":\"rgba(0,0,0,1)\",\"modalInfoBoxTextColor\":\"rgba(70,70,70,1)\",\"infoBarExifEnable\":\"1\",\"infoBarCountersEnable\":\"1\",\"infoBarDateInfoEnable\":\"1\",\"lightBoxEnable\":\"1\",\"copyR_Protection\":\"1\",\"copyR_Alert\":\"Hello, this photo is mine!\",\"sliderScrollNavi\":\"0\",\"sliderNextPrevAnimation\":\"animation\",\"sliderPreloaderColor\":\"#ffffff\",\"sliderBgColor\":\"rgba(0,0,0,0.8)\",\"sliderHeaderFooterBgColor\":\"#000000\",\"sliderNavigationColor\":\"rgba(0,0,0,1)\",\"sliderNavigationIconColor\":\"rgba(255,255,255,1)\",\"sliderNavigationColorOver\":\"rgba(255,255,255,1)\",\"sliderNavigationIconColorOver\":\"rgba(0,0,0,1)\",\"sliderItemTitleEnable\":\"1\",\"sliderItemTitleFontSize\":\"24\",\"sliderItemTitleTextColor\":\"#ffffff\",\"sliderThumbBarEnable\":\"1\",\"sliderThumbBarHoverColor\":\"#ffffff\",\"sliderThumbSubMenuBackgroundColor\":\"rgba(0,0,0,1)\",\"sliderThumbSubMenuBackgroundColorOver\":\"rgba(255,255,255,1)\",\"sliderThumbSubMenuIconColor\":\"rgba(255,255,255,1)\",\"sliderThumbSubMenuIconHoverColor\":\"rgba(0,0,0,1)\",\"sliderPlayButton\":\"1\",\"slideshowDelay\":\"8\",\"slideshowProgressBarColor\":\"rgba(255,255,255,1)\",\"slideshowProgressBarBGColor\":\"rgba(255,255,255,0.6)\",\"sliderInfoEnable\":\"1\",\"sliderZoomButton\":\"1\",\"sliderItemDownload\":\"1\",\"sliderSocialShareEnabled\":\"1\",\"sliderLikesEnabled\":\"1\",\"sliderFullScreen\":\"1\",\"customCSS\":\"\",\"key\":\"\",\"name\":\"\",\"galleryID\":\"sc2_15\",\"post_url\":\"https:\\\/\\\/www.nvothmarsingen.ch?rest_route=%2Fwp%2Fv2%2Fpages%2F17\",\"module_url\":\"https:\\\/\\\/www.nvothmarsingen.ch\\\/wp-content\\\/plugins\\\/flagallery-skins\\\/amron\\\/\"}, \"data\":[{\"gallery\":{\"gid\":\"15\",\"name\":\"exkursion-neeracherried-06-juni-2014\",\"path\":\"https:\\\/\\\/www.nvothmarsingen.ch\\\/wp-content\\\/flagallery\\\/exkursion-neeracherried-06-juni-2014\",\"title\":\"Exkursion Neeracherried 06. Juni 2014\",\"galdesc\":\"\"},\"data\":[]}]}<\/script><\/div><noscript id=\"noscript_FlaGallery_sc2_15\"><\/noscript>\n<p>&nbsp;<\/p>\n<h3><strong>Wasservogelz\u00e4hlung<\/strong> 12.01.2014 Reuss &#8211; Gebenstorf\/Birmenstorf<\/h3>\n<p>Die Wasserv\u00f6gel entlang der Z\u00e4hlstrecke an der Reuss zwischen Gebenstorf und\u00a0Birmenstorf \u00a0wurde wieder von aktiven Vogelsch\u00fctzern im Auftrage der Vogelwarte Sempach gez\u00e4hlt.<\/p>\n<p>Besten Dank an Theo Burkhardt f\u00fcr die tollen Fotos!<\/p>\n<div class=\"flagallery amron_skin\" id=\"FlaGallery_sc3_14\" ><script type=\"application\/json\" class=\"FlaGallery_sc3_14\">{\"settings\":{\"collectionThumbColumns\":\"3\",\"collectionThumbRecomendedWidth\":\"260\",\"collectionPreloaderColor\":\"#333333\",\"linkTargetWindow\":\"_blank\",\"thumbSpacing\":\"10\",\"tagsFilter\":\"1\",\"tagCloudSort\":\"1\",\"tagCloudAll\":\"All\",\"tagCloudAllTagPresented\":\"1\",\"tagCloudStartIndex\":\"0\",\"tagCloudTextColor\":\"#000000\",\"tagCloudBgColor\":\"#eeeeee\",\"collectionThumbHoverColor\":\"rgba(0, 0, 0, .7)\",\"collectionThumbContentBGColor\":\"rgba(245,245,245,1)\",\"collectionThumbTitleShow\":\"1\",\"collectionThumbTitleColor\":\"rgba(0,0,0,1)\",\"collectionThumbFontSize\":\"18\",\"collectionThumbDescriptionShow\":\"1\",\"collectionThumbDescriptionColor\":\"rgba(0,0,0,1)\",\"collectionThumbDescriptionFontSize\":\"15\",\"collectionReadMoreButtonLabel\":\"Read More\",\"collectionReadMoreButtonLabelColor\":\"rgba(255, 255, 255, 1)\",\"collectionReadMoreButtonBGColor\":\"rgba(0, 0, 0, 1)\",\"collectionReadMoreButtonLabelColorHover\":\"rgba(0, 0, 0, 1)\",\"collectionReadMoreButtonBGColorHover\":\"rgba(235,235,235,1)\",\"modaBgColor\":\"rgba(0,0,0,0.9)\",\"modalInfoBoxBgColor\":\"rgba(255,255,255,1)\",\"modalInfoBoxTitleTextColor\":\"rgba(0,0,0,1)\",\"modalInfoBoxTextColor\":\"rgba(70,70,70,1)\",\"infoBarExifEnable\":\"1\",\"infoBarCountersEnable\":\"1\",\"infoBarDateInfoEnable\":\"1\",\"lightBoxEnable\":\"1\",\"copyR_Protection\":\"1\",\"copyR_Alert\":\"Hello, this photo is mine!\",\"sliderScrollNavi\":\"0\",\"sliderNextPrevAnimation\":\"animation\",\"sliderPreloaderColor\":\"#ffffff\",\"sliderBgColor\":\"rgba(0,0,0,0.8)\",\"sliderHeaderFooterBgColor\":\"#000000\",\"sliderNavigationColor\":\"rgba(0,0,0,1)\",\"sliderNavigationIconColor\":\"rgba(255,255,255,1)\",\"sliderNavigationColorOver\":\"rgba(255,255,255,1)\",\"sliderNavigationIconColorOver\":\"rgba(0,0,0,1)\",\"sliderItemTitleEnable\":\"1\",\"sliderItemTitleFontSize\":\"24\",\"sliderItemTitleTextColor\":\"#ffffff\",\"sliderThumbBarEnable\":\"1\",\"sliderThumbBarHoverColor\":\"#ffffff\",\"sliderThumbSubMenuBackgroundColor\":\"rgba(0,0,0,1)\",\"sliderThumbSubMenuBackgroundColorOver\":\"rgba(255,255,255,1)\",\"sliderThumbSubMenuIconColor\":\"rgba(255,255,255,1)\",\"sliderThumbSubMenuIconHoverColor\":\"rgba(0,0,0,1)\",\"sliderPlayButton\":\"1\",\"slideshowDelay\":\"8\",\"slideshowProgressBarColor\":\"rgba(255,255,255,1)\",\"slideshowProgressBarBGColor\":\"rgba(255,255,255,0.6)\",\"sliderInfoEnable\":\"1\",\"sliderZoomButton\":\"1\",\"sliderItemDownload\":\"1\",\"sliderSocialShareEnabled\":\"1\",\"sliderLikesEnabled\":\"1\",\"sliderFullScreen\":\"1\",\"customCSS\":\"\",\"key\":\"\",\"name\":\"\",\"galleryID\":\"sc3_14\",\"post_url\":\"https:\\\/\\\/www.nvothmarsingen.ch?rest_route=%2Fwp%2Fv2%2Fpages%2F17\",\"module_url\":\"https:\\\/\\\/www.nvothmarsingen.ch\\\/wp-content\\\/plugins\\\/flagallery-skins\\\/amron\\\/\"}, \"data\":[{\"gallery\":{\"gid\":\"14\",\"name\":\"wasservogelzaehlung-12-januar-2014\",\"path\":\"https:\\\/\\\/www.nvothmarsingen.ch\\\/wp-content\\\/flagallery\\\/wasservogelzaehlung-12-januar-2014\",\"title\":\"Wasservogelz\\u00e4hlung 12. Januar 2014\",\"galdesc\":\"Immer am 2. Wochenende im Januar ist internationaler Wasservogelz\\u00e4hltag. Mitglieder des Vereins f\\u00fchren diese Z\\u00e4hlung seit Jahren an einem Abschnitt der Reuss zwischen Birmenstorf und Gebenstorf durch. \"},\"data\":[]}]}<\/script><\/div><noscript id=\"noscript_FlaGallery_sc3_14\"><\/noscript>\n<p>&nbsp;<\/p>\n<h3><\/h3>\n<p>&nbsp;<\/p>\n","protected":false},"excerpt":{"rendered":"<p>Abschlusshock der aktiven Natursch\u00fctzer im Waldhaus 09.11.2014 Gem\u00fctlicher Jahresabschluss des Natur- und Vogelschutzvereines in der Waldh\u00fctte. Exkursion in das Naturschutzzentrum Neeracherried 06. Juni 2014 Erneut besuchten wir das Naturschutzzentrum Neeracherried und damit einen wichtigen Brutplatz der Lachm\u00f6we. Ein H\u00f6hepunkt war nat\u00fcrlich das abschliessende &#8222;Fliegen&#8220; im Flugsimulator des Naturschutzzentrums! &nbsp; Wasservogelz\u00e4hlung 12.01.2014 Reuss &#8211; Gebenstorf\/Birmenstorf Die [&hellip;]<\/p>\n","protected":false},"author":2,"featured_media":0,"parent":198,"menu_order":3,"comment_status":"open","ping_status":"open","template":"","meta":{"footnotes":""},"_links":{"self":[{"href":"https:\/\/www.nvothmarsingen.ch\/index.php?rest_route=\/wp\/v2\/pages\/17"}],"collection":[{"href":"https:\/\/www.nvothmarsingen.ch\/index.php?rest_route=\/wp\/v2\/pages"}],"about":[{"href":"https:\/\/www.nvothmarsingen.ch\/index.php?rest_route=\/wp\/v2\/types\/page"}],"author":[{"embeddable":true,"href":"https:\/\/www.nvothmarsingen.ch\/index.php?rest_route=\/wp\/v2\/users\/2"}],"replies":[{"embeddable":true,"href":"https:\/\/www.nvothmarsingen.ch\/index.php?rest_route=%2Fwp%2Fv2%2Fcomments&post=17"}],"version-history":[{"count":55,"href":"https:\/\/www.nvothmarsingen.ch\/index.php?rest_route=\/wp\/v2\/pages\/17\/revisions"}],"predecessor-version":[{"id":169,"href":"https:\/\/www.nvothmarsingen.ch\/index.php?rest_route=\/wp\/v2\/pages\/17\/revisions\/169"}],"up":[{"embeddable":true,"href":"https:\/\/www.nvothmarsingen.ch\/index.php?rest_route=\/wp\/v2\/pages\/198"}],"wp:attachment":[{"href":"https:\/\/www.nvothmarsingen.ch\/index.php?rest_route=%2Fwp%2Fv2%2Fmedia&parent=17"}],"curies":[{"name":"wp","href":"https:\/\/api.w.org\/{rel}","templated":true}]}}