{"id":139,"date":"2013-12-08T16:18:57","date_gmt":"2013-12-08T15:18:57","guid":{"rendered":"http:\/\/www.nvothmarsingen.ch\/?page_id=139"},"modified":"2015-11-08T10:58:12","modified_gmt":"2015-11-08T09:58:12","slug":"fotos-2013n","status":"publish","type":"page","link":"https:\/\/www.nvothmarsingen.ch\/?page_id=139","title":{"rendered":"Fotos 2013"},"content":{"rendered":"<h3>Montage eines Schleiereulenkastens bei Familie R\u00e4tzer 30.11.2013<\/h3>\n<p>Am Samstagmorgen durfte der NV Othmarsingen einen Schleiereulenkasten montieren.<br \/>\nTheo Burkhardt und Ivan M\u00fcller montierten gekonnt den Kasten. \u00a0Es gibt in einem Stall kaum eine bessere M\u00e4usej\u00e4gerin als eine Schleiereule. Hoffen wir, dass im kommenden Jahr sogar eine Brut stattfindet.<\/p>\n<div class=\"flagallery amron_skin\" id=\"FlaGallery_sc1_13\" ><script type=\"application\/json\" class=\"FlaGallery_sc1_13\">{\"settings\":{\"collectionThumbColumns\":\"3\",\"collectionThumbRecomendedWidth\":\"260\",\"collectionPreloaderColor\":\"#333333\",\"linkTargetWindow\":\"_blank\",\"thumbSpacing\":\"10\",\"tagsFilter\":\"1\",\"tagCloudSort\":\"1\",\"tagCloudAll\":\"All\",\"tagCloudAllTagPresented\":\"1\",\"tagCloudStartIndex\":\"0\",\"tagCloudTextColor\":\"#000000\",\"tagCloudBgColor\":\"#eeeeee\",\"collectionThumbHoverColor\":\"rgba(0, 0, 0, .7)\",\"collectionThumbContentBGColor\":\"rgba(245,245,245,1)\",\"collectionThumbTitleShow\":\"1\",\"collectionThumbTitleColor\":\"rgba(0,0,0,1)\",\"collectionThumbFontSize\":\"18\",\"collectionThumbDescriptionShow\":\"1\",\"collectionThumbDescriptionColor\":\"rgba(0,0,0,1)\",\"collectionThumbDescriptionFontSize\":\"15\",\"collectionReadMoreButtonLabel\":\"Read More\",\"collectionReadMoreButtonLabelColor\":\"rgba(255, 255, 255, 1)\",\"collectionReadMoreButtonBGColor\":\"rgba(0, 0, 0, 1)\",\"collectionReadMoreButtonLabelColorHover\":\"rgba(0, 0, 0, 1)\",\"collectionReadMoreButtonBGColorHover\":\"rgba(235,235,235,1)\",\"modaBgColor\":\"rgba(0,0,0,0.9)\",\"modalInfoBoxBgColor\":\"rgba(255,255,255,1)\",\"modalInfoBoxTitleTextColor\":\"rgba(0,0,0,1)\",\"modalInfoBoxTextColor\":\"rgba(70,70,70,1)\",\"infoBarExifEnable\":\"1\",\"infoBarCountersEnable\":\"1\",\"infoBarDateInfoEnable\":\"1\",\"lightBoxEnable\":\"1\",\"copyR_Protection\":\"1\",\"copyR_Alert\":\"Hello, this photo is mine!\",\"sliderScrollNavi\":\"0\",\"sliderNextPrevAnimation\":\"animation\",\"sliderPreloaderColor\":\"#ffffff\",\"sliderBgColor\":\"rgba(0,0,0,0.8)\",\"sliderHeaderFooterBgColor\":\"#000000\",\"sliderNavigationColor\":\"rgba(0,0,0,1)\",\"sliderNavigationIconColor\":\"rgba(255,255,255,1)\",\"sliderNavigationColorOver\":\"rgba(255,255,255,1)\",\"sliderNavigationIconColorOver\":\"rgba(0,0,0,1)\",\"sliderItemTitleEnable\":\"1\",\"sliderItemTitleFontSize\":\"24\",\"sliderItemTitleTextColor\":\"#ffffff\",\"sliderThumbBarEnable\":\"1\",\"sliderThumbBarHoverColor\":\"#ffffff\",\"sliderThumbSubMenuBackgroundColor\":\"rgba(0,0,0,1)\",\"sliderThumbSubMenuBackgroundColorOver\":\"rgba(255,255,255,1)\",\"sliderThumbSubMenuIconColor\":\"rgba(255,255,255,1)\",\"sliderThumbSubMenuIconHoverColor\":\"rgba(0,0,0,1)\",\"sliderPlayButton\":\"1\",\"slideshowDelay\":\"8\",\"slideshowProgressBarColor\":\"rgba(255,255,255,1)\",\"slideshowProgressBarBGColor\":\"rgba(255,255,255,0.6)\",\"sliderInfoEnable\":\"1\",\"sliderZoomButton\":\"1\",\"sliderItemDownload\":\"1\",\"sliderSocialShareEnabled\":\"1\",\"sliderLikesEnabled\":\"1\",\"sliderFullScreen\":\"1\",\"customCSS\":\"\",\"key\":\"\",\"name\":\"\",\"galleryID\":\"sc1_13\",\"post_url\":\"https:\\\/\\\/www.nvothmarsingen.ch?rest_route=%2Fwp%2Fv2%2Fpages%2F139\",\"module_url\":\"https:\\\/\\\/www.nvothmarsingen.ch\\\/wp-content\\\/plugins\\\/flagallery-skins\\\/amron\\\/\"}, \"data\":[{\"gallery\":{\"gid\":\"13\",\"name\":\"schleiereulenkasten-bei-familie-ratzer-30-11-2013\",\"path\":\"https:\\\/\\\/www.nvothmarsingen.ch\\\/wp-content\\\/flagallery\\\/schleiereulenkasten-bei-familie-ratzer-30-11-2013\",\"title\":\"Schleiereulenkasten bei Familie R\\u00e4tzer 30.11.2013\",\"galdesc\":\"\"},\"data\":[]}]}<\/script><\/div><noscript id=\"noscript_FlaGallery_sc1_13\"><\/noscript>\n<h3><\/h3>\n<h3><\/h3>\n<h3>Neophytenbek\u00e4mpfung im Othmarsinger Wald 15.06.2013<\/h3>\n<p>Der Samstagmorgen stand im Zeichen der Bek\u00e4mpfung von Neyphyten (invasive, gebietsfremde Pflanzen). Insbesondere wurden Standorte des Dr\u00fcsigen Springkrautes bearbeitet.<br \/>\nNat\u00fcrlich halfen Gross und Klein mit und ebenso nat\u00fcrlich gab die Arbeit\u00a0auch Lust auf ein gem\u00fctliches Zn\u00fcni.<\/p>\n<div class=\"flagallery amron_skin\" id=\"FlaGallery_sc2_12\" ><script type=\"application\/json\" class=\"FlaGallery_sc2_12\">{\"settings\":{\"collectionThumbColumns\":\"3\",\"collectionThumbRecomendedWidth\":\"260\",\"collectionPreloaderColor\":\"#333333\",\"linkTargetWindow\":\"_blank\",\"thumbSpacing\":\"10\",\"tagsFilter\":\"1\",\"tagCloudSort\":\"1\",\"tagCloudAll\":\"All\",\"tagCloudAllTagPresented\":\"1\",\"tagCloudStartIndex\":\"0\",\"tagCloudTextColor\":\"#000000\",\"tagCloudBgColor\":\"#eeeeee\",\"collectionThumbHoverColor\":\"rgba(0, 0, 0, .7)\",\"collectionThumbContentBGColor\":\"rgba(245,245,245,1)\",\"collectionThumbTitleShow\":\"1\",\"collectionThumbTitleColor\":\"rgba(0,0,0,1)\",\"collectionThumbFontSize\":\"18\",\"collectionThumbDescriptionShow\":\"1\",\"collectionThumbDescriptionColor\":\"rgba(0,0,0,1)\",\"collectionThumbDescriptionFontSize\":\"15\",\"collectionReadMoreButtonLabel\":\"Read More\",\"collectionReadMoreButtonLabelColor\":\"rgba(255, 255, 255, 1)\",\"collectionReadMoreButtonBGColor\":\"rgba(0, 0, 0, 1)\",\"collectionReadMoreButtonLabelColorHover\":\"rgba(0, 0, 0, 1)\",\"collectionReadMoreButtonBGColorHover\":\"rgba(235,235,235,1)\",\"modaBgColor\":\"rgba(0,0,0,0.9)\",\"modalInfoBoxBgColor\":\"rgba(255,255,255,1)\",\"modalInfoBoxTitleTextColor\":\"rgba(0,0,0,1)\",\"modalInfoBoxTextColor\":\"rgba(70,70,70,1)\",\"infoBarExifEnable\":\"1\",\"infoBarCountersEnable\":\"1\",\"infoBarDateInfoEnable\":\"1\",\"lightBoxEnable\":\"1\",\"copyR_Protection\":\"1\",\"copyR_Alert\":\"Hello, this photo is mine!\",\"sliderScrollNavi\":\"0\",\"sliderNextPrevAnimation\":\"animation\",\"sliderPreloaderColor\":\"#ffffff\",\"sliderBgColor\":\"rgba(0,0,0,0.8)\",\"sliderHeaderFooterBgColor\":\"#000000\",\"sliderNavigationColor\":\"rgba(0,0,0,1)\",\"sliderNavigationIconColor\":\"rgba(255,255,255,1)\",\"sliderNavigationColorOver\":\"rgba(255,255,255,1)\",\"sliderNavigationIconColorOver\":\"rgba(0,0,0,1)\",\"sliderItemTitleEnable\":\"1\",\"sliderItemTitleFontSize\":\"24\",\"sliderItemTitleTextColor\":\"#ffffff\",\"sliderThumbBarEnable\":\"1\",\"sliderThumbBarHoverColor\":\"#ffffff\",\"sliderThumbSubMenuBackgroundColor\":\"rgba(0,0,0,1)\",\"sliderThumbSubMenuBackgroundColorOver\":\"rgba(255,255,255,1)\",\"sliderThumbSubMenuIconColor\":\"rgba(255,255,255,1)\",\"sliderThumbSubMenuIconHoverColor\":\"rgba(0,0,0,1)\",\"sliderPlayButton\":\"1\",\"slideshowDelay\":\"8\",\"slideshowProgressBarColor\":\"rgba(255,255,255,1)\",\"slideshowProgressBarBGColor\":\"rgba(255,255,255,0.6)\",\"sliderInfoEnable\":\"1\",\"sliderZoomButton\":\"1\",\"sliderItemDownload\":\"1\",\"sliderSocialShareEnabled\":\"1\",\"sliderLikesEnabled\":\"1\",\"sliderFullScreen\":\"1\",\"customCSS\":\"\",\"key\":\"\",\"name\":\"\",\"galleryID\":\"sc2_12\",\"post_url\":\"https:\\\/\\\/www.nvothmarsingen.ch?rest_route=%2Fwp%2Fv2%2Fpages%2F139\",\"module_url\":\"https:\\\/\\\/www.nvothmarsingen.ch\\\/wp-content\\\/plugins\\\/flagallery-skins\\\/amron\\\/\"}, \"data\":[{\"gallery\":{\"gid\":\"12\",\"name\":\"neophytenbekampfung-15-06-2013\",\"path\":\"https:\\\/\\\/www.nvothmarsingen.ch\\\/wp-content\\\/flagallery\\\/neophytenbekampfung-15-06-2013\",\"title\":\"Neophytenbek\\u00e4mpfung 15.06.2013\",\"galdesc\":\"Arbeitstag zur Neophytenbek\\u00e4mpfung im Othmarsinger Wald.\"},\"data\":[]}]}<\/script><\/div><noscript id=\"noscript_FlaGallery_sc2_12\"><\/noscript>\n<p>&nbsp;<\/p>\n<p>&nbsp;<\/p>\n<h3><\/h3>\n<h3>\u00dcberpr\u00fcfung Bruterfolg bei den Waldk\u00e4uzen<\/h3>\n<p>Jedes Jahr wird der Bruterfolg der Waldk\u00e4uze in Othmarsingen \u00fcberpr\u00fcft.<br \/>\nDabei wird auf eine minimale St\u00f6rung der Tiere sowie auf die Sicherheit der\u00a0Mitarbeiter\u00a0besonderen Wert gelegt.<\/p>\n<div class=\"flagallery amron_skin\" id=\"FlaGallery_sc3_11\" ><script type=\"application\/json\" class=\"FlaGallery_sc3_11\">{\"settings\":{\"collectionThumbColumns\":\"3\",\"collectionThumbRecomendedWidth\":\"260\",\"collectionPreloaderColor\":\"#333333\",\"linkTargetWindow\":\"_blank\",\"thumbSpacing\":\"10\",\"tagsFilter\":\"1\",\"tagCloudSort\":\"1\",\"tagCloudAll\":\"All\",\"tagCloudAllTagPresented\":\"1\",\"tagCloudStartIndex\":\"0\",\"tagCloudTextColor\":\"#000000\",\"tagCloudBgColor\":\"#eeeeee\",\"collectionThumbHoverColor\":\"rgba(0, 0, 0, .7)\",\"collectionThumbContentBGColor\":\"rgba(245,245,245,1)\",\"collectionThumbTitleShow\":\"1\",\"collectionThumbTitleColor\":\"rgba(0,0,0,1)\",\"collectionThumbFontSize\":\"18\",\"collectionThumbDescriptionShow\":\"1\",\"collectionThumbDescriptionColor\":\"rgba(0,0,0,1)\",\"collectionThumbDescriptionFontSize\":\"15\",\"collectionReadMoreButtonLabel\":\"Read More\",\"collectionReadMoreButtonLabelColor\":\"rgba(255, 255, 255, 1)\",\"collectionReadMoreButtonBGColor\":\"rgba(0, 0, 0, 1)\",\"collectionReadMoreButtonLabelColorHover\":\"rgba(0, 0, 0, 1)\",\"collectionReadMoreButtonBGColorHover\":\"rgba(235,235,235,1)\",\"modaBgColor\":\"rgba(0,0,0,0.9)\",\"modalInfoBoxBgColor\":\"rgba(255,255,255,1)\",\"modalInfoBoxTitleTextColor\":\"rgba(0,0,0,1)\",\"modalInfoBoxTextColor\":\"rgba(70,70,70,1)\",\"infoBarExifEnable\":\"1\",\"infoBarCountersEnable\":\"1\",\"infoBarDateInfoEnable\":\"1\",\"lightBoxEnable\":\"1\",\"copyR_Protection\":\"1\",\"copyR_Alert\":\"Hello, this photo is mine!\",\"sliderScrollNavi\":\"0\",\"sliderNextPrevAnimation\":\"animation\",\"sliderPreloaderColor\":\"#ffffff\",\"sliderBgColor\":\"rgba(0,0,0,0.8)\",\"sliderHeaderFooterBgColor\":\"#000000\",\"sliderNavigationColor\":\"rgba(0,0,0,1)\",\"sliderNavigationIconColor\":\"rgba(255,255,255,1)\",\"sliderNavigationColorOver\":\"rgba(255,255,255,1)\",\"sliderNavigationIconColorOver\":\"rgba(0,0,0,1)\",\"sliderItemTitleEnable\":\"1\",\"sliderItemTitleFontSize\":\"24\",\"sliderItemTitleTextColor\":\"#ffffff\",\"sliderThumbBarEnable\":\"1\",\"sliderThumbBarHoverColor\":\"#ffffff\",\"sliderThumbSubMenuBackgroundColor\":\"rgba(0,0,0,1)\",\"sliderThumbSubMenuBackgroundColorOver\":\"rgba(255,255,255,1)\",\"sliderThumbSubMenuIconColor\":\"rgba(255,255,255,1)\",\"sliderThumbSubMenuIconHoverColor\":\"rgba(0,0,0,1)\",\"sliderPlayButton\":\"1\",\"slideshowDelay\":\"8\",\"slideshowProgressBarColor\":\"rgba(255,255,255,1)\",\"slideshowProgressBarBGColor\":\"rgba(255,255,255,0.6)\",\"sliderInfoEnable\":\"1\",\"sliderZoomButton\":\"1\",\"sliderItemDownload\":\"1\",\"sliderSocialShareEnabled\":\"1\",\"sliderLikesEnabled\":\"1\",\"sliderFullScreen\":\"1\",\"customCSS\":\"\",\"key\":\"\",\"name\":\"\",\"galleryID\":\"sc3_11\",\"post_url\":\"https:\\\/\\\/www.nvothmarsingen.ch?rest_route=%2Fwp%2Fv2%2Fpages%2F139\",\"module_url\":\"https:\\\/\\\/www.nvothmarsingen.ch\\\/wp-content\\\/plugins\\\/flagallery-skins\\\/amron\\\/\"}, \"data\":[{\"gallery\":{\"gid\":\"11\",\"name\":\"waldkauzenkontrolle-06-05-2013\",\"path\":\"https:\\\/\\\/www.nvothmarsingen.ch\\\/wp-content\\\/flagallery\\\/waldkauzenkontrolle-06-05-2013\",\"title\":\"Waldkauzenkontrolle 06.05.2013\",\"galdesc\":\"Jedes Jahr wird der Bruterfolg der Waldk\\u00e4uze \\u00fcberpr\\u00fcft.\\r\\nDabei wird auf eine minimale St\\u00f6rung der Tiere besonderen Wert gelegt.\"},\"data\":[]}]}<\/script><\/div><noscript id=\"noscript_FlaGallery_sc3_11\"><\/noscript>\n<h3><\/h3>\n<h3>Pflege einer Trockensteinmauer<\/h3>\n<p>Aktiver Naturschutz in der Gemeinde Othmarsingen. Aktive Mitglieder des Vereins haben am 13.04.2013 eine Rebmauer vor der Verbuschung gesch\u00fctzt. Trockensteinmauern sind wertvolle Kleinstrukturen und bieten zahlreichen Pflanzen &#8211; und Tierarten einen idealen Lebensraum.<\/p>\n<div class=\"flagallery amron_skin\" id=\"FlaGallery_sc4_10\" ><script type=\"application\/json\" class=\"FlaGallery_sc4_10\">{\"settings\":{\"collectionThumbColumns\":\"3\",\"collectionThumbRecomendedWidth\":\"260\",\"collectionPreloaderColor\":\"#333333\",\"linkTargetWindow\":\"_blank\",\"thumbSpacing\":\"10\",\"tagsFilter\":\"1\",\"tagCloudSort\":\"1\",\"tagCloudAll\":\"All\",\"tagCloudAllTagPresented\":\"1\",\"tagCloudStartIndex\":\"0\",\"tagCloudTextColor\":\"#000000\",\"tagCloudBgColor\":\"#eeeeee\",\"collectionThumbHoverColor\":\"rgba(0, 0, 0, .7)\",\"collectionThumbContentBGColor\":\"rgba(245,245,245,1)\",\"collectionThumbTitleShow\":\"1\",\"collectionThumbTitleColor\":\"rgba(0,0,0,1)\",\"collectionThumbFontSize\":\"18\",\"collectionThumbDescriptionShow\":\"1\",\"collectionThumbDescriptionColor\":\"rgba(0,0,0,1)\",\"collectionThumbDescriptionFontSize\":\"15\",\"collectionReadMoreButtonLabel\":\"Read More\",\"collectionReadMoreButtonLabelColor\":\"rgba(255, 255, 255, 1)\",\"collectionReadMoreButtonBGColor\":\"rgba(0, 0, 0, 1)\",\"collectionReadMoreButtonLabelColorHover\":\"rgba(0, 0, 0, 1)\",\"collectionReadMoreButtonBGColorHover\":\"rgba(235,235,235,1)\",\"modaBgColor\":\"rgba(0,0,0,0.9)\",\"modalInfoBoxBgColor\":\"rgba(255,255,255,1)\",\"modalInfoBoxTitleTextColor\":\"rgba(0,0,0,1)\",\"modalInfoBoxTextColor\":\"rgba(70,70,70,1)\",\"infoBarExifEnable\":\"1\",\"infoBarCountersEnable\":\"1\",\"infoBarDateInfoEnable\":\"1\",\"lightBoxEnable\":\"1\",\"copyR_Protection\":\"1\",\"copyR_Alert\":\"Hello, this photo is mine!\",\"sliderScrollNavi\":\"0\",\"sliderNextPrevAnimation\":\"animation\",\"sliderPreloaderColor\":\"#ffffff\",\"sliderBgColor\":\"rgba(0,0,0,0.8)\",\"sliderHeaderFooterBgColor\":\"#000000\",\"sliderNavigationColor\":\"rgba(0,0,0,1)\",\"sliderNavigationIconColor\":\"rgba(255,255,255,1)\",\"sliderNavigationColorOver\":\"rgba(255,255,255,1)\",\"sliderNavigationIconColorOver\":\"rgba(0,0,0,1)\",\"sliderItemTitleEnable\":\"1\",\"sliderItemTitleFontSize\":\"24\",\"sliderItemTitleTextColor\":\"#ffffff\",\"sliderThumbBarEnable\":\"1\",\"sliderThumbBarHoverColor\":\"#ffffff\",\"sliderThumbSubMenuBackgroundColor\":\"rgba(0,0,0,1)\",\"sliderThumbSubMenuBackgroundColorOver\":\"rgba(255,255,255,1)\",\"sliderThumbSubMenuIconColor\":\"rgba(255,255,255,1)\",\"sliderThumbSubMenuIconHoverColor\":\"rgba(0,0,0,1)\",\"sliderPlayButton\":\"1\",\"slideshowDelay\":\"8\",\"slideshowProgressBarColor\":\"rgba(255,255,255,1)\",\"slideshowProgressBarBGColor\":\"rgba(255,255,255,0.6)\",\"sliderInfoEnable\":\"1\",\"sliderZoomButton\":\"1\",\"sliderItemDownload\":\"1\",\"sliderSocialShareEnabled\":\"1\",\"sliderLikesEnabled\":\"1\",\"sliderFullScreen\":\"1\",\"customCSS\":\"\",\"key\":\"\",\"name\":\"\",\"galleryID\":\"sc4_10\",\"post_url\":\"https:\\\/\\\/www.nvothmarsingen.ch?rest_route=%2Fwp%2Fv2%2Fpages%2F139\",\"module_url\":\"https:\\\/\\\/www.nvothmarsingen.ch\\\/wp-content\\\/plugins\\\/flagallery-skins\\\/amron\\\/\"}, \"data\":[{\"gallery\":{\"gid\":\"10\",\"name\":\"arbeitstag-rebmauer-13-04-2013\",\"path\":\"https:\\\/\\\/www.nvothmarsingen.ch\\\/wp-content\\\/flagallery\\\/arbeitstag-rebmauer-13-04-2013\",\"title\":\"Arbeitstag Rebmauer 13.04.2013\",\"galdesc\":\"Aktiver Naturschutz in der Gemeinde Othmarsingen. Aktive Mitglieder des Natur- und Vogelschutzvereins Othmarsingen haben am 13.04.2013 eine Rebmauer gepflegt. Trockensteinmauern bieten zahlreichen Pflanzen und Tieren einen idealen Lebensraum.\"},\"data\":[]}]}<\/script><\/div><noscript id=\"noscript_FlaGallery_sc4_10\"><\/noscript>\n<h3><script type=\"text\/javascript\">\/\/ <![CDATA[\njQuery(document).ready(function(){ \tjQuery(\".albums_table .album_categoties\").sortable({ opacity: 0.6, cursor: 'move', connectWith: \".album_categoties\", update: function() { \t\t\/\/jQuery.post(\"updateDB.php\", order, function(theResponse){ \t\t\/\/\tjQuery(\"#contentRight\").html(theResponse); \t\t\/\/}); \t\t\t\t\t\t\t\t\t\t\t\t\t\t\t  \t}\t\t\t\t\t\t\t\t   \t}).disableSelection(); \tjQuery( \"#draggable .acat\" ).draggable({ \t\tconnectToSortable: \".album_categoties\", \t\thelper: \"clone\", \t\trevert: \"invalid\" \t}).disableSelection(); \tjQuery( \".album_categoties\" ).droppable({ \t\taccept: \".acat\", \t\thoverClass: \"active\", \t\tdrop: function( event, ui ) { \t\t\tjQuery( this ).find(jQuery(ui.draggable)) \t\t\t\t.addClass( \"highlight_new\" ).attr(\"id\", \"g_\"+jQuery(ui.draggable).attr('rel')) \t\t\t\t.find( \"p\" ) \t\t\t\t\t.remove(); \t\t} \t}); \tjQuery( \".album_categoties .drop\" ).live('click',function(){ \t\tjQuery(this).parent().remove(); \t}); \tjQuery('.flag-ajax-post').click(function(e){ \t\tvar form = jQuery(this).attr('data-form'); \t\tvar edata = jQuery(this).dataset(); \t\tedata.form = jQuery('#'+form).serialize()+'&#038;'+jQuery(this).parents('.album').find('.album_categoties').sortable(\"serialize\");  ; \t\tjQuery.post( ajaxurl, edata, \t\t\tfunction( response ) { \t\t\t\tjQuery(e.target).parent().find('.alb_msg').show().html(response).fadeOut(1200); \t\t\t\tif(jQuery(e.target).hasClass('del')) { \t\t\t\t\tjQuery(e.target).parent().parent().parent().remove(); \t\t\t\t} \t\t\t\tif(response == 'Success'){ \t\t\t\t\tjQuery(e.target).parents('div.album:first').find('.acat').removeClass('highlight_new'); \t\t\t\t\tjQuery(e.target).parents('span.album_actions').find('.alb_msg').show().text('OK').fadeOut(1200); \t\t\t\t} \t\t\t} \t\t); \t\treturn false; \t}); });\n\/\/ ]]><\/script><\/h3>\n<h3>Wasservogelz\u00e4hlung 13. Januar 2013<\/h3>\n<p>Als freiwillige Mitarbeiter der Vogelwarte monitoren Mitglieder des\u00a0Vereins seit Jahren zwei Mal\u00a0pro Jahr einen Z\u00e4hlabschnitt zwischen Birmenstorf und Gebenstorf entlang der Reuss.<\/p>\n<div class=\"flagallery amron_skin\" id=\"FlaGallery_sc5_9\" ><script type=\"application\/json\" class=\"FlaGallery_sc5_9\">{\"settings\":{\"collectionThumbColumns\":\"3\",\"collectionThumbRecomendedWidth\":\"260\",\"collectionPreloaderColor\":\"#333333\",\"linkTargetWindow\":\"_blank\",\"thumbSpacing\":\"10\",\"tagsFilter\":\"1\",\"tagCloudSort\":\"1\",\"tagCloudAll\":\"All\",\"tagCloudAllTagPresented\":\"1\",\"tagCloudStartIndex\":\"0\",\"tagCloudTextColor\":\"#000000\",\"tagCloudBgColor\":\"#eeeeee\",\"collectionThumbHoverColor\":\"rgba(0, 0, 0, .7)\",\"collectionThumbContentBGColor\":\"rgba(245,245,245,1)\",\"collectionThumbTitleShow\":\"1\",\"collectionThumbTitleColor\":\"rgba(0,0,0,1)\",\"collectionThumbFontSize\":\"18\",\"collectionThumbDescriptionShow\":\"1\",\"collectionThumbDescriptionColor\":\"rgba(0,0,0,1)\",\"collectionThumbDescriptionFontSize\":\"15\",\"collectionReadMoreButtonLabel\":\"Read More\",\"collectionReadMoreButtonLabelColor\":\"rgba(255, 255, 255, 1)\",\"collectionReadMoreButtonBGColor\":\"rgba(0, 0, 0, 1)\",\"collectionReadMoreButtonLabelColorHover\":\"rgba(0, 0, 0, 1)\",\"collectionReadMoreButtonBGColorHover\":\"rgba(235,235,235,1)\",\"modaBgColor\":\"rgba(0,0,0,0.9)\",\"modalInfoBoxBgColor\":\"rgba(255,255,255,1)\",\"modalInfoBoxTitleTextColor\":\"rgba(0,0,0,1)\",\"modalInfoBoxTextColor\":\"rgba(70,70,70,1)\",\"infoBarExifEnable\":\"1\",\"infoBarCountersEnable\":\"1\",\"infoBarDateInfoEnable\":\"1\",\"lightBoxEnable\":\"1\",\"copyR_Protection\":\"1\",\"copyR_Alert\":\"Hello, this photo is mine!\",\"sliderScrollNavi\":\"0\",\"sliderNextPrevAnimation\":\"animation\",\"sliderPreloaderColor\":\"#ffffff\",\"sliderBgColor\":\"rgba(0,0,0,0.8)\",\"sliderHeaderFooterBgColor\":\"#000000\",\"sliderNavigationColor\":\"rgba(0,0,0,1)\",\"sliderNavigationIconColor\":\"rgba(255,255,255,1)\",\"sliderNavigationColorOver\":\"rgba(255,255,255,1)\",\"sliderNavigationIconColorOver\":\"rgba(0,0,0,1)\",\"sliderItemTitleEnable\":\"1\",\"sliderItemTitleFontSize\":\"24\",\"sliderItemTitleTextColor\":\"#ffffff\",\"sliderThumbBarEnable\":\"1\",\"sliderThumbBarHoverColor\":\"#ffffff\",\"sliderThumbSubMenuBackgroundColor\":\"rgba(0,0,0,1)\",\"sliderThumbSubMenuBackgroundColorOver\":\"rgba(255,255,255,1)\",\"sliderThumbSubMenuIconColor\":\"rgba(255,255,255,1)\",\"sliderThumbSubMenuIconHoverColor\":\"rgba(0,0,0,1)\",\"sliderPlayButton\":\"1\",\"slideshowDelay\":\"8\",\"slideshowProgressBarColor\":\"rgba(255,255,255,1)\",\"slideshowProgressBarBGColor\":\"rgba(255,255,255,0.6)\",\"sliderInfoEnable\":\"1\",\"sliderZoomButton\":\"1\",\"sliderItemDownload\":\"1\",\"sliderSocialShareEnabled\":\"1\",\"sliderLikesEnabled\":\"1\",\"sliderFullScreen\":\"1\",\"customCSS\":\"\",\"key\":\"\",\"name\":\"\",\"galleryID\":\"sc5_9\",\"post_url\":\"https:\\\/\\\/www.nvothmarsingen.ch?rest_route=%2Fwp%2Fv2%2Fpages%2F139\",\"module_url\":\"https:\\\/\\\/www.nvothmarsingen.ch\\\/wp-content\\\/plugins\\\/flagallery-skins\\\/amron\\\/\"}, \"data\":[{\"gallery\":{\"gid\":\"9\",\"name\":\"wasservogelzahlung-13-01-2013\",\"path\":\"https:\\\/\\\/www.nvothmarsingen.ch\\\/wp-content\\\/flagallery\\\/wasservogelzahlung-13-01-2013\",\"title\":\"Wasservogelz\\u00e4hlung 13.Januar 2013\",\"galdesc\":\"Immer am 2. Wochenende im Januar ist internationaler Wasservogelz\\u00e4hltag. Mitglieder des Vereins f\\u00fchren diese Z\\u00e4hlung seit Jahren an einem Abschnitt der Reuss zwischen Birmenstorf und Gebenstorf durch.\"},\"data\":[]}]}<\/script><\/div><noscript id=\"noscript_FlaGallery_sc5_9\"><\/noscript>\n<h3><\/h3>\n","protected":false},"excerpt":{"rendered":"<p>Montage eines Schleiereulenkastens bei Familie R\u00e4tzer 30.11.2013 Am Samstagmorgen durfte der NV Othmarsingen einen Schleiereulenkasten montieren. Theo Burkhardt und Ivan M\u00fcller montierten gekonnt den Kasten. \u00a0Es gibt in einem Stall kaum eine bessere M\u00e4usej\u00e4gerin als eine Schleiereule. Hoffen wir, dass im kommenden Jahr sogar eine Brut stattfindet. Neophytenbek\u00e4mpfung im Othmarsinger Wald 15.06.2013 Der Samstagmorgen stand [&hellip;]<\/p>\n","protected":false},"author":1,"featured_media":0,"parent":198,"menu_order":0,"comment_status":"closed","ping_status":"open","template":"","meta":{"footnotes":""},"_links":{"self":[{"href":"https:\/\/www.nvothmarsingen.ch\/index.php?rest_route=\/wp\/v2\/pages\/139"}],"collection":[{"href":"https:\/\/www.nvothmarsingen.ch\/index.php?rest_route=\/wp\/v2\/pages"}],"about":[{"href":"https:\/\/www.nvothmarsingen.ch\/index.php?rest_route=\/wp\/v2\/types\/page"}],"author":[{"embeddable":true,"href":"https:\/\/www.nvothmarsingen.ch\/index.php?rest_route=\/wp\/v2\/users\/1"}],"replies":[{"embeddable":true,"href":"https:\/\/www.nvothmarsingen.ch\/index.php?rest_route=%2Fwp%2Fv2%2Fcomments&post=139"}],"version-history":[{"count":3,"href":"https:\/\/www.nvothmarsingen.ch\/index.php?rest_route=\/wp\/v2\/pages\/139\/revisions"}],"predecessor-version":[{"id":143,"href":"https:\/\/www.nvothmarsingen.ch\/index.php?rest_route=\/wp\/v2\/pages\/139\/revisions\/143"}],"up":[{"embeddable":true,"href":"https:\/\/www.nvothmarsingen.ch\/index.php?rest_route=\/wp\/v2\/pages\/198"}],"wp:attachment":[{"href":"https:\/\/www.nvothmarsingen.ch\/index.php?rest_route=%2Fwp%2Fv2%2Fmedia&parent=139"}],"curies":[{"name":"wp","href":"https:\/\/api.w.org\/{rel}","templated":true}]}}